{"id":196,"date":"2021-03-09T16:50:08","date_gmt":"2021-03-09T19:50:08","guid":{"rendered":"http:\/\/rr.senac.local\/?page_id=196"},"modified":"2023-06-22T16:23:33","modified_gmt":"2023-06-22T19:23:33","slug":"trabalhe-conosco","status":"publish","type":"page","link":"https:\/\/www.rr.senac.br\/portalsenac\/institucional\/sobre-o-senac\/trabalhe-conosco\/","title":{"rendered":"Trabalhe conosco"},"content":{"rendered":"\n<figure class=\"wp-block-image alignfull size-large\"><img data-recalc-dims=\"1\" fetchpriority=\"high\" decoding=\"async\" width=\"750\" height=\"39\" src=\"https:\/\/i0.wp.com\/www.rr.senac.br\/portalsenac\/wp-content\/uploads\/2021\/11\/mh-banco-img-1.png?resize=750%2C39&#038;ssl=1\" alt=\"\" class=\"wp-image-587\" srcset=\"https:\/\/i0.wp.com\/www.rr.senac.br\/portalsenac\/wp-content\/uploads\/2021\/11\/mh-banco-img-1.png?resize=1024%2C53&amp;ssl=1 1024w, https:\/\/i0.wp.com\/www.rr.senac.br\/portalsenac\/wp-content\/uploads\/2021\/11\/mh-banco-img-1.png?resize=300%2C16&amp;ssl=1 300w, https:\/\/i0.wp.com\/www.rr.senac.br\/portalsenac\/wp-content\/uploads\/2021\/11\/mh-banco-img-1.png?resize=768%2C40&amp;ssl=1 768w, https:\/\/i0.wp.com\/www.rr.senac.br\/portalsenac\/wp-content\/uploads\/2021\/11\/mh-banco-img-1.png?resize=1536%2C80&amp;ssl=1 1536w, https:\/\/i0.wp.com\/www.rr.senac.br\/portalsenac\/wp-content\/uploads\/2021\/11\/mh-banco-img-1.png?resize=1568%2C82&amp;ssl=1 1568w, https:\/\/i0.wp.com\/www.rr.senac.br\/portalsenac\/wp-content\/uploads\/2021\/11\/mh-banco-img-1.png?w=1920&amp;ssl=1 1920w\" sizes=\"(max-width: 750px) 100vw, 750px\" \/><\/figure>\n\n\n\n<div class=\"wp-block-media-text alignwide has-media-on-the-right is-stacked-on-mobile\" style=\"grid-template-columns:auto 15%\"><figure class=\"wp-block-media-text__media\"><img data-recalc-dims=\"1\" decoding=\"async\" width=\"240\" height=\"272\" src=\"https:\/\/i0.wp.com\/www.rr.senac.br\/portalsenac\/wp-content\/uploads\/2021\/11\/3613_Convertido.png?resize=240%2C272&#038;ssl=1\" alt=\"\" class=\"wp-image-589 size-full\"\/><\/figure><div class=\"wp-block-media-text__content\">\n<p class=\"texto-justificado has-small-font-size\"> Quer fazer parte do Senac Roraima? Participe do nosso banco! Clique no \u00edcone correspondente \u00e0 sua \u00e1rea de atua\u00e7\u00e3o e preencha seus dados. Lembrando que o cadastro n\u00e3o significa a participa\u00e7\u00e3o imediata em processo seletivo, nem garante a participa\u00e7\u00e3o em futuros processos, nem estabelece qualquer v\u00ednculo com a institui\u00e7\u00e3o. <\/p>\n<\/div><\/div>\n\n\n\n<div class=\"wp-block-buttons alignfull is-layout-flex wp-block-buttons-is-layout-flex\">\n<div class=\"wp-block-button is-style-fill\"><a class=\"wp-block-button__link has-white-color has-text-color has-background\" href=\"https:\/\/forms.office.com\/Pages\/ResponsePage.aspx?id=OjP5s9VXUkOcShNKSkXTsg8XrqfXnaxEvxuHki0ZsJFUMEg2RjNQMk83M1cxRDE2U0VQQ1hNRjZKMy4u\" style=\"border-radius:50px;background-color:#0f70b7\" target=\"_blank\" rel=\"noreferrer noopener\"> [icon name=&#8221;share&#8221; prefix=&#8221;fas&#8221;]  GEST\u00c3O<\/a><\/div>\n\n\n\n<div class=\"wp-block-button\"><a class=\"wp-block-button__link has-background\" href=\"https:\/\/forms.office.com\/Pages\/ResponsePage.aspx?id=OjP5s9VXUkOcShNKSkXTsg8XrqfXnaxEvxuHki0ZsJFUQlU0RzdYNlQ3TDBGRDRRSU1DVVVQSkVUSi4u\" style=\"border-radius:50px;background-color:#2fac66\" target=\"_blank\" rel=\"noreferrer noopener\"> [icon name=&#8221;share&#8221; prefix=&#8221;fas&#8221;] SA\u00daDE<\/a><\/div>\n\n\n\n<div class=\"wp-block-button\"><a class=\"wp-block-button__link has-background\" href=\"https:\/\/forms.office.com\/Pages\/ResponsePage.aspx?id=OjP5s9VXUkOcShNKSkXTsg8XrqfXnaxEvxuHki0ZsJFUMk1YMlVTV09GVlVWMzhCTkRUM1U0WFNEQS4u\" style=\"border-radius:50px;background-color:#e61873\" target=\"_blank\" rel=\"noreferrer noopener\">[icon name=&#8221;share&#8221; prefix=&#8221;fas&#8221;] BELEZA<\/a><\/div>\n\n\n\n<div class=\"wp-block-button\"><a class=\"wp-block-button__link has-background\" href=\"https:\/\/forms.office.com\/Pages\/ResponsePage.aspx?id=OjP5s9VXUkOcShNKSkXTsg8XrqfXnaxEvxuHki0ZsJFUMjlBNjBKUFkzQkVMRFEzQ0M3TDdEOFVEMi4u\" style=\"border-radius:50px;background-color:#ff9300\"> [icon name=&#8221;share&#8221; prefix=&#8221;fas&#8221;]  GASTRONOMIA<\/a><\/div>\n\n\n\n<div class=\"wp-block-button\"><a class=\"wp-block-button__link has-background\" href=\"https:\/\/forms.office.com\/Pages\/ResponsePage.aspx?id=OjP5s9VXUkOcShNKSkXTsg8XrqfXnaxEvxuHki0ZsJFUMTNXTk0wWUZDOUVDVEJaOUUxWTROSkJINC4u\" style=\"border-radius:50px;background-color:#e94e1a\" target=\"_blank\" rel=\"noreferrer noopener\"> [icon name=&#8221;share&#8221; prefix=&#8221;fas&#8221;]  Turismo e Hospitalidade<\/a><\/div>\n\n\n\n<div class=\"wp-block-button\"><a class=\"wp-block-button__link has-background\" href=\"https:\/\/forms.office.com\/Pages\/ResponsePage.aspx?id=OjP5s9VXUkOcShNKSkXTsg8XrqfXnaxEvxuHki0ZsJFUNlFJMThIRjVJMlFPOUI5TVk3QklBRlNGVi4u\" style=\"border-radius:50px;background-color:#951b81\" target=\"_blank\" rel=\"noreferrer noopener\"> [icon name=&#8221;share&#8221; prefix=&#8221;fas&#8221;]  MODA<\/a><\/div>\n\n\n\n<div class=\"wp-block-button\"><a class=\"wp-block-button__link has-background\" href=\"https:\/\/forms.office.com\/Pages\/ResponsePage.aspx?id=OjP5s9VXUkOcShNKSkXTsg8XrqfXnaxEvxuHki0ZsJFUQ0lMQzFUNFBLVlNEQllVVUI4MURTTVZCTi4u\" style=\"border-radius:50px;background-color:#be1522\" target=\"_blank\" rel=\"noreferrer noopener\"> [icon name=&#8221;share&#8221; prefix=&#8221;fas&#8221;]   INFORM\u00c1TICA<\/a><\/div>\n<\/div>\n\n\n\n<p><\/p>\n","protected":false},"excerpt":{"rendered":"<p>Quer fazer parte do Senac Roraima? Participe do nosso banco! Clique no \u00edcone correspondente \u00e0 sua \u00e1rea de atua\u00e7\u00e3o e preencha seus dados. Lembrando que o cadastro n\u00e3o significa a participa\u00e7\u00e3o imediata em processo seletivo, nem garante a participa\u00e7\u00e3o em futuros processos, nem estabelece qualquer&hellip; <a class=\"more-link\" href=\"https:\/\/www.rr.senac.br\/portalsenac\/institucional\/sobre-o-senac\/trabalhe-conosco\/\">Continuar lendo <span class=\"screen-reader-text\">Trabalhe conosco<\/span><\/a><\/p>\n","protected":false},"author":1,"featured_media":0,"parent":270,"menu_order":5,"comment_status":"closed","ping_status":"closed","template":"","meta":{"_joinchat":[],"footnotes":""},"class_list":["post-196","page","type-page","status-publish","hentry","entry"],"jetpack_sharing_enabled":true,"_links":{"self":[{"href":"https:\/\/www.rr.senac.br\/portalsenac\/wp-json\/wp\/v2\/pages\/196","targetHints":{"allow":["GET"]}}],"collection":[{"href":"https:\/\/www.rr.senac.br\/portalsenac\/wp-json\/wp\/v2\/pages"}],"about":[{"href":"https:\/\/www.rr.senac.br\/portalsenac\/wp-json\/wp\/v2\/types\/page"}],"author":[{"embeddable":true,"href":"https:\/\/www.rr.senac.br\/portalsenac\/wp-json\/wp\/v2\/users\/1"}],"replies":[{"embeddable":true,"href":"https:\/\/www.rr.senac.br\/portalsenac\/wp-json\/wp\/v2\/comments?post=196"}],"version-history":[{"count":0,"href":"https:\/\/www.rr.senac.br\/portalsenac\/wp-json\/wp\/v2\/pages\/196\/revisions"}],"up":[{"embeddable":true,"href":"https:\/\/www.rr.senac.br\/portalsenac\/wp-json\/wp\/v2\/pages\/270"}],"wp:attachment":[{"href":"https:\/\/www.rr.senac.br\/portalsenac\/wp-json\/wp\/v2\/media?parent=196"}],"curies":[{"name":"wp","href":"https:\/\/api.w.org\/{rel}","templated":true}]}}