{"id":209,"date":"2021-03-09T17:43:54","date_gmt":"2021-03-09T20:43:54","guid":{"rendered":"http:\/\/rr.senac.local\/?page_id=209"},"modified":"2023-06-22T16:23:48","modified_gmt":"2023-06-22T19:23:48","slug":"programa-de-gratuidade","status":"publish","type":"page","link":"https:\/\/www.rr.senac.br\/portalsenac\/programa-de-gratuidade\/","title":{"rendered":"Programa de Gratuidade"},"content":{"rendered":"\n<div style=\"height:40px\" aria-hidden=\"true\" class=\"wp-block-spacer\"><\/div>\n\n\n\n<p class=\"texto-justificado has-small-font-size\">O Programa Senac de Gratuidade (PSG) tem como p\u00fablico alvo pessoas de baixa renda. A oferta de a\u00e7\u00f5es educacionais, com vistas \u00e0 inclus\u00e3o social, tem contribuindo de forma significativa, com melhores oportunidades de trabalho e o acesso \u00e0 educa\u00e7\u00e3o de qualidade, aos participantes do programa.<\/p>\n\n\n\n<p class=\"texto-justificado has-small-font-size\">O PSG \u00e9 resultado de um protocolo firmado entre o Senac e o Governo Federal, atrav\u00e9s dos Minist\u00e9rios da Educa\u00e7\u00e3o, do Trabalho e Emprego e da Fazenda, com o objetivo de oferecer a\u00e7\u00f5es educacionais com custo zero \u00e0 popula\u00e7\u00e3o brasileira de baixa renda.<\/p>\n\n\n\n<h4 class=\"alignfull wp-block-heading\">Para inscri\u00e7\u00e3o, \u00e9 preciso:<\/h4>\n\n\n\n<ul class=\"texto-justificado has-small-font-size wp-block-list\"><li>Possuir renda familiar \u201cper capita\u201d de at\u00e9 dois sal\u00e1rios m\u00ednimos federal;<\/li><li>Atender aos pr\u00e9-requisitos de escolaridade do curso escolhido;<\/li><li>Estar matriculado ou ser egresso da Educa\u00e7\u00e3o B\u00e1sica;<\/li><li>Ser trabalhador desempregado ou empregado;<\/li><li>C\u00f3pias do RG, CPF, comprovante de resid\u00eancia e escolaridade (conforme curso escolhido);<\/li><li>O candidato menor de idade dever\u00e1 estar acompanhado do pai ou m\u00e3e, e estes dever\u00e3o apresentar originais e c\u00f3pia do RG ou certid\u00e3o de nascimento.<\/li><\/ul>\n\n\n\n<p class=\"texto-justificado has-small-font-size\">Com o PSG, o Senac amplia seus vi\u00e9s social, com a oferta de cursos, as pessoas de menor renda.<\/p>\n\n\n\n<h2 class=\"wp-block-heading\">&nbsp;<\/h2>\n","protected":false},"excerpt":{"rendered":"<p>O Programa Senac de Gratuidade (PSG) tem como p\u00fablico alvo pessoas de baixa renda. A oferta de a\u00e7\u00f5es educacionais, com vistas \u00e0 inclus\u00e3o social, tem contribuindo de forma significativa, com melhores oportunidades de trabalho e o acesso \u00e0 educa\u00e7\u00e3o de qualidade, aos participantes do programa.&hellip; <a class=\"more-link\" href=\"https:\/\/www.rr.senac.br\/portalsenac\/programa-de-gratuidade\/\">Continuar lendo <span class=\"screen-reader-text\">Programa de Gratuidade<\/span><\/a><\/p>\n","protected":false},"author":1,"featured_media":0,"parent":0,"menu_order":0,"comment_status":"closed","ping_status":"closed","template":"","meta":{"_joinchat":[],"footnotes":""},"class_list":["post-209","page","type-page","status-publish","hentry","entry"],"jetpack_sharing_enabled":true,"_links":{"self":[{"href":"https:\/\/www.rr.senac.br\/portalsenac\/wp-json\/wp\/v2\/pages\/209","targetHints":{"allow":["GET"]}}],"collection":[{"href":"https:\/\/www.rr.senac.br\/portalsenac\/wp-json\/wp\/v2\/pages"}],"about":[{"href":"https:\/\/www.rr.senac.br\/portalsenac\/wp-json\/wp\/v2\/types\/page"}],"author":[{"embeddable":true,"href":"https:\/\/www.rr.senac.br\/portalsenac\/wp-json\/wp\/v2\/users\/1"}],"replies":[{"embeddable":true,"href":"https:\/\/www.rr.senac.br\/portalsenac\/wp-json\/wp\/v2\/comments?post=209"}],"version-history":[{"count":0,"href":"https:\/\/www.rr.senac.br\/portalsenac\/wp-json\/wp\/v2\/pages\/209\/revisions"}],"wp:attachment":[{"href":"https:\/\/www.rr.senac.br\/portalsenac\/wp-json\/wp\/v2\/media?parent=209"}],"curies":[{"name":"wp","href":"https:\/\/api.w.org\/{rel}","templated":true}]}}