{"id":236,"date":"2021-03-09T18:06:10","date_gmt":"2021-03-09T21:06:10","guid":{"rendered":"http:\/\/rr.senac.local\/?page_id=236"},"modified":"2023-06-22T16:23:48","modified_gmt":"2023-06-22T19:23:48","slug":"senac-acontece","status":"publish","type":"page","link":"https:\/\/www.rr.senac.br\/portalsenac\/senac-acontece\/","title":{"rendered":"Senac Acontece"},"content":{"rendered":"\n<div style=\"height:40px\" aria-hidden=\"true\" class=\"wp-block-spacer\"><\/div>\n\n\n\n<div class=\"wp-block-columns is-layout-flex wp-container-core-columns-is-layout-9d6595d7 wp-block-columns-is-layout-flex\">\n<div class=\"wp-block-column is-layout-flow wp-block-column-is-layout-flow\">\n<figure class=\"wp-block-image alignwide size-full\"><a href=\"https:\/\/www.rr.senac.br\/portalsenac\/wp-content\/uploads\/2021\/11\/Senac-Acontece-Ed12-2020.pdf\"><img data-recalc-dims=\"1\" fetchpriority=\"high\" decoding=\"async\" width=\"400\" height=\"576\" src=\"https:\/\/i0.wp.com\/www.rr.senac.br\/portalsenac\/wp-content\/uploads\/2021\/11\/senac-acontece-2020.jpg?resize=400%2C576&#038;ssl=1\" alt=\"\" class=\"wp-image-766\" srcset=\"https:\/\/i0.wp.com\/www.rr.senac.br\/portalsenac\/wp-content\/uploads\/2021\/11\/senac-acontece-2020.jpg?w=400&amp;ssl=1 400w, https:\/\/i0.wp.com\/www.rr.senac.br\/portalsenac\/wp-content\/uploads\/2021\/11\/senac-acontece-2020.jpg?resize=208%2C300&amp;ssl=1 208w\" sizes=\"(max-width: 400px) 100vw, 400px\" \/><\/a><\/figure>\n\n\n\n<h4 class=\"wp-block-heading\">Edi\u00e7\u00e3o 12<\/h4>\n\n\n\n<hr class=\"wp-block-separator has-text-color has-background\" style=\"background-color:#d6d6d6;color:#d6d6d6\"\/>\n<\/div>\n\n\n\n<div class=\"wp-block-column is-layout-flow wp-block-column-is-layout-flow\">\n<figure class=\"wp-block-image size-full\"><a href=\"https:\/\/www.rr.senac.br\/portalsenac\/wp-content\/uploads\/2021\/11\/Senac-Acontece-Ed13-2021.pdf\"><img data-recalc-dims=\"1\" decoding=\"async\" width=\"400\" height=\"576\" src=\"https:\/\/i0.wp.com\/www.rr.senac.br\/portalsenac\/wp-content\/uploads\/2021\/11\/senac-acontece-edicao13.jpg?resize=400%2C576&#038;ssl=1\" alt=\"\" class=\"wp-image-767\" srcset=\"https:\/\/i0.wp.com\/www.rr.senac.br\/portalsenac\/wp-content\/uploads\/2021\/11\/senac-acontece-edicao13.jpg?w=400&amp;ssl=1 400w, https:\/\/i0.wp.com\/www.rr.senac.br\/portalsenac\/wp-content\/uploads\/2021\/11\/senac-acontece-edicao13.jpg?resize=208%2C300&amp;ssl=1 208w\" sizes=\"(max-width: 400px) 100vw, 400px\" \/><\/a><\/figure>\n\n\n\n<h4 class=\"wp-block-heading\">Edi\u00e7\u00e3o 13<\/h4>\n\n\n\n<hr class=\"wp-block-separator has-text-color has-background\" style=\"background-color:#d6d6d6;color:#d6d6d6\"\/>\n<\/div>\n\n\n\n<div class=\"wp-block-column is-layout-flow wp-block-column-is-layout-flow\"><\/div>\n<\/div>\n\n\n\n<div class=\"wp-block-columns is-layout-flex wp-container-core-columns-is-layout-9d6595d7 wp-block-columns-is-layout-flex\">\n<div class=\"wp-block-column is-layout-flow wp-block-column-is-layout-flow\">\n<figure class=\"wp-block-image alignwide size-full\"><a href=\"https:\/\/www.rr.senac.br\/portalsenac\/wp-content\/uploads\/2021\/11\/Senac-Acontece-ED07.pdf\"><img data-recalc-dims=\"1\" decoding=\"async\" width=\"400\" height=\"576\" src=\"https:\/\/i0.wp.com\/www.rr.senac.br\/portalsenac\/wp-content\/uploads\/2021\/11\/CAPA-ED04-1.jpg?resize=400%2C576&#038;ssl=1\" alt=\"\" class=\"wp-image-763\" srcset=\"https:\/\/i0.wp.com\/www.rr.senac.br\/portalsenac\/wp-content\/uploads\/2021\/11\/CAPA-ED04-1.jpg?w=400&amp;ssl=1 400w, https:\/\/i0.wp.com\/www.rr.senac.br\/portalsenac\/wp-content\/uploads\/2021\/11\/CAPA-ED04-1.jpg?resize=208%2C300&amp;ssl=1 208w\" sizes=\"(max-width: 400px) 100vw, 400px\" \/><\/a><\/figure>\n\n\n\n<h4 class=\"wp-block-heading\">Edi\u00e7\u00e3o 07<\/h4>\n\n\n\n<hr class=\"wp-block-separator has-text-color has-background\" style=\"background-color:#d6d6d6;color:#d6d6d6\"\/>\n\n\n\n<p><\/p>\n<\/div>\n\n\n\n<div class=\"wp-block-column is-layout-flow wp-block-column-is-layout-flow\">\n<figure class=\"wp-block-image size-full\"><a href=\"https:\/\/www.rr.senac.br\/portalsenac\/wp-content\/uploads\/2021\/11\/Senac-Acontece-Ed08-2018.pdf\"><img data-recalc-dims=\"1\" loading=\"lazy\" decoding=\"async\" width=\"400\" height=\"576\" src=\"https:\/\/i0.wp.com\/www.rr.senac.br\/portalsenac\/wp-content\/uploads\/2021\/11\/senac-acontece-2018.jpg?resize=400%2C576&#038;ssl=1\" alt=\"\" class=\"wp-image-765\" srcset=\"https:\/\/i0.wp.com\/www.rr.senac.br\/portalsenac\/wp-content\/uploads\/2021\/11\/senac-acontece-2018.jpg?w=400&amp;ssl=1 400w, https:\/\/i0.wp.com\/www.rr.senac.br\/portalsenac\/wp-content\/uploads\/2021\/11\/senac-acontece-2018.jpg?resize=208%2C300&amp;ssl=1 208w\" sizes=\"(max-width: 400px) 100vw, 400px\" \/><\/a><\/figure>\n\n\n\n<h4 class=\"wp-block-heading\">Edi\u00e7\u00e3o 08<\/h4>\n\n\n\n<hr class=\"wp-block-separator has-text-color has-background\" style=\"background-color:#d6d6d6;color:#d6d6d6\"\/>\n\n\n\n<p><\/p>\n<\/div>\n\n\n\n<div class=\"wp-block-column is-layout-flow wp-block-column-is-layout-flow\">\n<figure class=\"wp-block-image size-full\"><a href=\"https:\/\/www.rr.senac.br\/portalsenac\/wp-content\/uploads\/2021\/11\/Senac-Acontece-Revista-Edicao-Especial-20-anos_compressed.pdf\"><img data-recalc-dims=\"1\" loading=\"lazy\" decoding=\"async\" width=\"400\" height=\"576\" src=\"https:\/\/i0.wp.com\/www.rr.senac.br\/portalsenac\/wp-content\/uploads\/2021\/11\/CAPA-SENAC20ANOS.jpg?resize=400%2C576&#038;ssl=1\" alt=\"\" class=\"wp-image-764\" srcset=\"https:\/\/i0.wp.com\/www.rr.senac.br\/portalsenac\/wp-content\/uploads\/2021\/11\/CAPA-SENAC20ANOS.jpg?w=400&amp;ssl=1 400w, https:\/\/i0.wp.com\/www.rr.senac.br\/portalsenac\/wp-content\/uploads\/2021\/11\/CAPA-SENAC20ANOS.jpg?resize=208%2C300&amp;ssl=1 208w\" sizes=\"(max-width: 400px) 100vw, 400px\" \/><\/a><\/figure>\n\n\n\n<h4 class=\"wp-block-heading\">Edi\u00e7\u00e3o Senac 20<\/h4>\n\n\n\n<hr class=\"wp-block-separator has-text-color has-background\" style=\"background-color:#d6d6d6;color:#d6d6d6\"\/>\n<\/div>\n<\/div>\n\n\n\n<div class=\"wp-block-columns is-layout-flex wp-container-core-columns-is-layout-9d6595d7 wp-block-columns-is-layout-flex\">\n<div class=\"wp-block-column is-layout-flow wp-block-column-is-layout-flow\">\n<figure class=\"wp-block-image size-full\"><a href=\"https:\/\/www.rr.senac.br\/portalsenac\/wp-content\/uploads\/2021\/11\/Senac-Acontece-ED01.pdf\"><img data-recalc-dims=\"1\" loading=\"lazy\" decoding=\"async\" width=\"400\" height=\"576\" src=\"https:\/\/i0.wp.com\/www.rr.senac.br\/portalsenac\/wp-content\/uploads\/2021\/11\/CAPA-ED01.jpg?resize=400%2C576&#038;ssl=1\" alt=\"\" class=\"wp-image-761\" srcset=\"https:\/\/i0.wp.com\/www.rr.senac.br\/portalsenac\/wp-content\/uploads\/2021\/11\/CAPA-ED01.jpg?w=400&amp;ssl=1 400w, https:\/\/i0.wp.com\/www.rr.senac.br\/portalsenac\/wp-content\/uploads\/2021\/11\/CAPA-ED01.jpg?resize=208%2C300&amp;ssl=1 208w\" sizes=\"(max-width: 400px) 100vw, 400px\" \/><\/a><\/figure>\n\n\n\n<h4 class=\"wp-block-heading\">Edi\u00e7\u00e3o 01<\/h4>\n\n\n\n<hr class=\"wp-block-separator has-text-color has-background\" style=\"background-color:#d6d6d6;color:#d6d6d6\"\/>\n\n\n\n<p><\/p>\n<\/div>\n\n\n\n<div class=\"wp-block-column is-layout-flow wp-block-column-is-layout-flow\">\n<figure class=\"wp-block-image size-full\"><a href=\"https:\/\/www.rr.senac.br\/portalsenac\/wp-content\/uploads\/2021\/11\/Senac-Acontece-ED04.pdf\"><img data-recalc-dims=\"1\" loading=\"lazy\" decoding=\"async\" width=\"400\" height=\"576\" src=\"https:\/\/i0.wp.com\/www.rr.senac.br\/portalsenac\/wp-content\/uploads\/2021\/11\/CAPA-ED04.jpg?resize=400%2C576&#038;ssl=1\" alt=\"\" class=\"wp-image-762\" srcset=\"https:\/\/i0.wp.com\/www.rr.senac.br\/portalsenac\/wp-content\/uploads\/2021\/11\/CAPA-ED04.jpg?w=400&amp;ssl=1 400w, https:\/\/i0.wp.com\/www.rr.senac.br\/portalsenac\/wp-content\/uploads\/2021\/11\/CAPA-ED04.jpg?resize=208%2C300&amp;ssl=1 208w\" sizes=\"(max-width: 400px) 100vw, 400px\" \/><\/a><\/figure>\n\n\n\n<h4 class=\"wp-block-heading\">Edi\u00e7\u00e3o 04<\/h4>\n\n\n\n<hr class=\"wp-block-separator has-text-color has-background\" style=\"background-color:#d6d6d6;color:#d6d6d6\"\/>\n\n\n\n<p><\/p>\n<\/div>\n\n\n\n<div class=\"wp-block-column is-layout-flow wp-block-column-is-layout-flow\">\n<figure class=\"wp-block-image size-full is-resized\"><a href=\"https:\/\/www.rr.senac.br\/portalsenac\/wp-content\/uploads\/2021\/11\/Senac-Acontece-06.pdf\"><img data-recalc-dims=\"1\" loading=\"lazy\" decoding=\"async\" src=\"https:\/\/i0.wp.com\/www.rr.senac.br\/portalsenac\/wp-content\/uploads\/2021\/11\/CAPA-ED06-1.jpg?resize=183%2C264&#038;ssl=1\" alt=\"\" class=\"wp-image-756\" width=\"183\" height=\"264\" srcset=\"https:\/\/i0.wp.com\/www.rr.senac.br\/portalsenac\/wp-content\/uploads\/2021\/11\/CAPA-ED06-1.jpg?w=400&amp;ssl=1 400w, https:\/\/i0.wp.com\/www.rr.senac.br\/portalsenac\/wp-content\/uploads\/2021\/11\/CAPA-ED06-1.jpg?resize=208%2C300&amp;ssl=1 208w\" sizes=\"(max-width: 183px) 100vw, 183px\" \/><\/a><\/figure>\n\n\n\n<h4 class=\"wp-block-heading\">Edi\u00e7\u00e3o 06<\/h4>\n\n\n\n<hr class=\"wp-block-separator has-text-color has-background\" style=\"background-color:#d6d6d6;color:#d6d6d6\"\/>\n\n\n\n<p><\/p>\n<\/div>\n<\/div>\n\n\n\n<div style=\"height:40px\" aria-hidden=\"true\" class=\"wp-block-spacer\"><\/div>\n\n\n\n<p><\/p>\n","protected":false},"excerpt":{"rendered":"<p>Edi\u00e7\u00e3o 12 Edi\u00e7\u00e3o 13 Edi\u00e7\u00e3o 07 Edi\u00e7\u00e3o 08 Edi\u00e7\u00e3o Senac 20 Edi\u00e7\u00e3o 01 Edi\u00e7\u00e3o 04 Edi\u00e7\u00e3o 06<\/p>\n","protected":false},"author":1,"featured_media":0,"parent":0,"menu_order":0,"comment_status":"closed","ping_status":"closed","template":"","meta":{"_joinchat":[],"footnotes":""},"class_list":["post-236","page","type-page","status-publish","hentry","entry"],"jetpack_sharing_enabled":true,"_links":{"self":[{"href":"https:\/\/www.rr.senac.br\/portalsenac\/wp-json\/wp\/v2\/pages\/236","targetHints":{"allow":["GET"]}}],"collection":[{"href":"https:\/\/www.rr.senac.br\/portalsenac\/wp-json\/wp\/v2\/pages"}],"about":[{"href":"https:\/\/www.rr.senac.br\/portalsenac\/wp-json\/wp\/v2\/types\/page"}],"author":[{"embeddable":true,"href":"https:\/\/www.rr.senac.br\/portalsenac\/wp-json\/wp\/v2\/users\/1"}],"replies":[{"embeddable":true,"href":"https:\/\/www.rr.senac.br\/portalsenac\/wp-json\/wp\/v2\/comments?post=236"}],"version-history":[{"count":0,"href":"https:\/\/www.rr.senac.br\/portalsenac\/wp-json\/wp\/v2\/pages\/236\/revisions"}],"wp:attachment":[{"href":"https:\/\/www.rr.senac.br\/portalsenac\/wp-json\/wp\/v2\/media?parent=236"}],"curies":[{"name":"wp","href":"https:\/\/api.w.org\/{rel}","templated":true}]}}