{"id":9250,"date":"2026-03-20T10:31:04","date_gmt":"2026-03-20T14:31:04","guid":{"rendered":"https:\/\/www.rr.senac.br\/portalsenac\/?page_id=9250"},"modified":"2026-03-20T10:41:56","modified_gmt":"2026-03-20T14:41:56","slug":"politicas-de-privacidade-e-protecao-de-dados","status":"publish","type":"page","link":"https:\/\/www.rr.senac.br\/portalsenac\/politicas-de-privacidade-e-protecao-de-dados\/","title":{"rendered":"Poli\u0301ticas de Privacidade e Protec\u0327a\u0303o de Dados"},"content":{"rendered":"\n<p class=\"has-text-align-left\"><strong>ENCARREGADO DE PROTE\u00c7\u00c3O DE DADOS<\/strong><\/p>\n\n\n\n<p>Toda e qualquer solicita\u00e7\u00e3o ou manifesta\u00e7\u00e3o acerca da privacidade de dados pessoais no SENAC-RR dever\u00e1 ser requerida ao Encarregado de Dados.<\/p>\n\n\n\n<p><strong>Controlador de Dados do SenacRR (DPO):<\/strong>\u00a0                           Amanda Beatriz Oliveira de Souza<br><strong>Contato:<\/strong>\u00a0amandasouza@rr.senac.br<\/p>\n\n\n\n<div class=\"wp-block-buttons is-layout-flex wp-block-buttons-is-layout-flex\">\n<div class=\"wp-block-button has-custom-width wp-block-button__width-75 is-style-outline is-style-outline--1\"><a class=\"wp-block-button__link has-white-color has-text-color has-background has-link-color has-extra-small-font-size has-text-align-center has-custom-font-size wp-element-button\" href=\"https:\/\/www.rr.senac.br\/portalsenac\/wp-content\/uploads\/2026\/03\/Resolucao-Senac-RR-no-545-2021-Aprova-Politicas-de-Privacidade-e-Protecao-de-Dados.pdf\" style=\"border-top-left-radius:10px;border-top-right-radius:10px;border-bottom-left-radius:10px;border-bottom-right-radius:10px;background-color:#027ae8\">Poli\u0301ticas de Privacidade e Protec\u0327a\u0303o de Dados<\/a><\/div>\n<\/div>\n\n\n\n<p><\/p>\n","protected":false},"excerpt":{"rendered":"<p>ENCARREGADO DE PROTE\u00c7\u00c3O DE DADOS Toda e qualquer solicita\u00e7\u00e3o ou manifesta\u00e7\u00e3o acerca da privacidade de dados pessoais no SENAC-RR dever\u00e1 ser requerida ao Encarregado de Dados. Controlador de Dados do SenacRR (DPO):\u00a0 Amanda Beatriz Oliveira de SouzaContato:\u00a0amandasouza@rr.senac.br<\/p>\n","protected":false},"author":4,"featured_media":0,"parent":0,"menu_order":0,"comment_status":"closed","ping_status":"closed","template":"","meta":{"_joinchat":[],"footnotes":""},"class_list":["post-9250","page","type-page","status-publish","hentry","entry"],"jetpack_sharing_enabled":true,"_links":{"self":[{"href":"https:\/\/www.rr.senac.br\/portalsenac\/wp-json\/wp\/v2\/pages\/9250","targetHints":{"allow":["GET"]}}],"collection":[{"href":"https:\/\/www.rr.senac.br\/portalsenac\/wp-json\/wp\/v2\/pages"}],"about":[{"href":"https:\/\/www.rr.senac.br\/portalsenac\/wp-json\/wp\/v2\/types\/page"}],"author":[{"embeddable":true,"href":"https:\/\/www.rr.senac.br\/portalsenac\/wp-json\/wp\/v2\/users\/4"}],"replies":[{"embeddable":true,"href":"https:\/\/www.rr.senac.br\/portalsenac\/wp-json\/wp\/v2\/comments?post=9250"}],"version-history":[{"count":18,"href":"https:\/\/www.rr.senac.br\/portalsenac\/wp-json\/wp\/v2\/pages\/9250\/revisions"}],"predecessor-version":[{"id":9268,"href":"https:\/\/www.rr.senac.br\/portalsenac\/wp-json\/wp\/v2\/pages\/9250\/revisions\/9268"}],"wp:attachment":[{"href":"https:\/\/www.rr.senac.br\/portalsenac\/wp-json\/wp\/v2\/media?parent=9250"}],"curies":[{"name":"wp","href":"https:\/\/api.w.org\/{rel}","templated":true}]}}